{"id":2,"date":"2016-05-10T03:48:21","date_gmt":"2016-05-10T03:48:21","guid":{"rendered":"http:\/\/wp452m.a10-52-158-154.qa.plesk.ru\/wordpress\/?page_id=2"},"modified":"2024-04-08T10:54:54","modified_gmt":"2024-04-08T10:54:54","slug":"sample-page","status":"publish","type":"page","link":"https:\/\/mainosfaros.com\/?page_id=2","title":{"rendered":"MAINOSKOKKI"},"content":{"rendered":"<div id=\"about\" class=\"fusion-container-anchor\"><div class=\"fusion-fullwidth fullwidth-box fusion-builder-row-1 fusion-flex-container hundred-percent-fullwidth non-hundred-percent-height-scrolling\" style=\"--awb-background-position:left top;--awb-border-sizes-top:0px;--awb-border-sizes-bottom:0px;--awb-border-sizes-left:0px;--awb-border-sizes-right:0px;--awb-border-radius-top-left:0px;--awb-border-radius-top-right:0px;--awb-border-radius-bottom-right:0px;--awb-border-radius-bottom-left:0px;--awb-padding-top:0px;--awb-padding-right:0px;--awb-padding-bottom:0px;--awb-padding-left:0px;--awb-flex-wrap:wrap;\" ><div class=\"fusion-builder-row fusion-row fusion-flex-align-items-stretch fusion-flex-content-wrap\" style=\"width:calc( 100% + 0px ) !important;max-width:calc( 100% + 0px ) !important;margin-left: calc(-0px \/ 2 );margin-right: calc(-0px \/ 2 );\"><div class=\"fusion-layout-column fusion_builder_column fusion-builder-column-0 fusion_builder_column_3_5 3_5 fusion-flex-column\" style=\"--awb-padding-top:115px;--awb-padding-right:10%;--awb-padding-bottom:115px;--awb-padding-left:10%;--awb-bg-blend:overlay;--awb-bg-size:cover;--awb-width-large:60%;--awb-margin-top-large:0px;--awb-spacing-right-large:0px;--awb-margin-bottom-large:0px;--awb-spacing-left-large:0px;--awb-width-medium:100%;--awb-spacing-right-medium:0px;--awb-spacing-left-medium:0px;--awb-width-small:100%;--awb-spacing-right-small:0px;--awb-spacing-left-small:0px;\"><div class=\"fusion-column-wrapper fusion-flex-justify-content-flex-start fusion-content-layout-column\"><div class=\"fusion-title title fusion-title-1 fusion-title-text fusion-title-size-two\" style=\"--awb-margin-bottom:10px;--awb-margin-top-small:0px;--awb-margin-right-small:0px;--awb-margin-bottom-small:20px;--awb-margin-left-small:0px;\"><div class=\"title-sep-container title-sep-container-left fusion-no-large-visibility fusion-no-medium-visibility fusion-no-small-visibility\"><div class=\"title-sep sep- sep-solid\" style=\"border-color:hsla(var(--awb-color3-h),calc( var(--awb-color3-s) + 3% ),var(--awb-color3-l),var(--awb-color3-a));\"><\/div><\/div><span class=\"awb-title-spacer fusion-no-large-visibility fusion-no-medium-visibility fusion-no-small-visibility\"><\/span><h2 class=\"fusion-title-heading title-heading-left fusion-responsive-typography-calculated\" style=\"margin:0;--fontSize:110;line-height:1;\">Tarina.<\/h2><span class=\"awb-title-spacer\"><\/span><div class=\"title-sep-container title-sep-container-right\"><div class=\"title-sep sep- sep-solid\" style=\"border-color:hsla(var(--awb-color3-h),calc( var(--awb-color3-s) + 3% ),var(--awb-color3-l),var(--awb-color3-a));\"><\/div><\/div><\/div><div class=\"fusion-title title fusion-title-2 fusion-title-text fusion-title-size-three\" style=\"--awb-margin-top-small:0px;--awb-margin-right-small:0px;--awb-margin-bottom-small:20px;--awb-margin-left-small:0px;\"><div class=\"title-sep-container title-sep-container-left fusion-no-large-visibility fusion-no-medium-visibility fusion-no-small-visibility\"><div class=\"title-sep sep- sep-solid\" style=\"border-color:hsla(var(--awb-color3-h),calc( var(--awb-color3-s) + 3% ),var(--awb-color3-l),var(--awb-color3-a));\"><\/div><\/div><span class=\"awb-title-spacer fusion-no-large-visibility fusion-no-medium-visibility fusion-no-small-visibility\"><\/span><h3 class=\"fusion-title-heading title-heading-left fusion-responsive-typography-calculated\" style=\"margin:0;--fontSize:36;line-height:var(--awb-typography2-line-height);\">MAINOSKOKKI.<\/h3><span class=\"awb-title-spacer\"><\/span><div class=\"title-sep-container title-sep-container-right\"><div class=\"title-sep sep- sep-solid\" style=\"border-color:hsla(var(--awb-color3-h),calc( var(--awb-color3-s) + 3% ),var(--awb-color3-l),var(--awb-color3-a));\"><\/div><\/div><\/div><div class=\"fusion-title title fusion-title-3 fusion-title-text fusion-title-size-six\" style=\"--awb-margin-top-small:0px;--awb-margin-right-small:0px;--awb-margin-bottom-small:20px;--awb-margin-left-small:0px;--awb-font-size:20px;\"><div class=\"title-sep-container title-sep-container-left fusion-no-large-visibility fusion-no-medium-visibility fusion-no-small-visibility\"><div class=\"title-sep sep- sep-solid\" style=\"border-color:hsla(var(--awb-color3-h),calc( var(--awb-color3-s) + 3% ),var(--awb-color3-l),var(--awb-color3-a));\"><\/div><\/div><span class=\"awb-title-spacer fusion-no-large-visibility fusion-no-medium-visibility fusion-no-small-visibility\"><\/span><h6 class=\"fusion-title-heading title-heading-left fusion-responsive-typography-calculated\" style=\"font-family:var(--awb-typography4-font-family);font-weight:var(--awb-typography4-font-weight);font-style:var(--awb-typography4-font-style);margin:0;letter-spacing:1px;font-size:1em;--fontSize:20;--minFontSize:20;line-height:1.85;\"><span style=\"font-family: Lato; font-style: italic; font-weight: bold;\" data-fusion-font=\"true\" data-fusion-google-font=\"Lato\" data-fusion-google-variant=\"700italic\">Mainonnan kattauksia jokaiseen makuun ja yksil\u00f6llisesti juuri sinulle.<\/span><\/h6><span class=\"awb-title-spacer\"><\/span><div class=\"title-sep-container title-sep-container-right\"><div class=\"title-sep sep- sep-solid\" style=\"border-color:hsla(var(--awb-color3-h),calc( var(--awb-color3-s) + 3% ),var(--awb-color3-l),var(--awb-color3-a));\"><\/div><\/div><\/div><div class=\"fusion-text fusion-text-1\"><p style=\"line-height: 22px;\" data-fusion-font=\"true\">Olen mainoskokki Faroksesta.<\/p>\n<p style=\"line-height: 22px;\" data-fusion-font=\"true\">Monenlaisissa hyviss\u00e4 liemiss\u00e4 kypsynyt graafinen suunnittelija ja mainonnan ammattilainen.<\/p>\n<p style=\"line-height: 22px;\" data-fusion-font=\"true\">Ty\u00f6skentelyni ohjenuora on se, ett\u00e4 asiakas saa itsens\u00e4 n\u00e4k\u00f6ist\u00e4 j\u00e4lke\u00e4.<\/p>\n<p style=\"line-height: 22px;\" data-fusion-font=\"true\">H\u00c4N on oman alansa asiantuntija, ja minun teht\u00e4v\u00e4ni on tukea ammattitaidollani siin\u00e4, ett\u00e4 t\u00e4m\u00e4 asiantuntijuus n\u00e4kyy lopputuloksessa, niin asiakkaalle kuin kohderyhm\u00e4lle.<\/p>\n<p><span style=\"font-family: Lato; font-weight: 900; font-size: 21px; line-height: 22px;\" data-fusion-font=\"true\" data-fusion-google-font=\"Lato\" data-fusion-google-variant=\"900\">Hullu luovuus ja kurinalaisuus<\/span><span style=\"line-height: 22px;\" data-fusion-font=\"true\"> br\u00e4ndin kunnioittamisessa sopivat t\u00e4m\u00e4n kokin repertuaariin kuin laakerinlehti lohikeittoon.<\/span><\/p>\n<p><span style=\"font-family: Lato; font-weight: 900; font-size: 20px; line-height: 22px;\" data-fusion-font=\"true\" data-fusion-google-font=\"Lato\" data-fusion-google-variant=\"900\">Ty\u00f6tapani<\/span><span style=\"line-height: 22px;\" data-fusion-font=\"true\"> perustuu vuorovaikutukseen ja yhdess\u00e4 tekemiseen asiakkaan kanssa.<\/span><\/p>\n<p><span style=\"font-family: Lato; font-weight: 900; font-size: 20px; line-height: 22px;\" data-fusion-font=\"true\" data-fusion-google-font=\"Lato\" data-fusion-google-variant=\"900\">Ty\u00f6nteko<\/span><span style=\"line-height: 22px;\" data-fusion-font=\"true\"> kanssani on tehokasta ja tuloksellista..<\/span><\/p>\n<p style=\"line-height: 22px;\" data-fusion-font=\"true\">Tuija Pirttijoki, mainoskokki, Faros<\/p>\n<p style=\"font-family: Lato; font-weight: 900; font-size: 20px; line-height: 22px;\" data-fusion-font=\"true\" data-fusion-google-font=\"Lato\" data-fusion-google-variant=\"900\">Kokataan yhdess\u00e4 yrityksellesi mainosmenu!<\/p>\n<\/div><div class=\"fusion-separator fusion-full-width-sep\" style=\"align-self: center;margin-left: auto;margin-right: auto;margin-top:40px;width:100%;\"><\/div><\/div><\/div><div class=\"fusion-layout-column fusion_builder_column fusion-builder-column-1 fusion_builder_column_2_5 2_5 fusion-flex-column\" style=\"--awb-bg-position:center center;--awb-bg-blend:overlay;--awb-bg-size:cover;--awb-width-large:40%;--awb-margin-top-large:0px;--awb-spacing-right-large:0px;--awb-margin-bottom-large:0px;--awb-spacing-left-large:0px;--awb-width-medium:100%;--awb-spacing-right-medium:0px;--awb-spacing-left-medium:0px;--awb-width-small:100%;--awb-spacing-right-small:0px;--awb-spacing-left-small:0px;\"><div class=\"fusion-column-wrapper lazyload fusion-flex-justify-content-flex-start fusion-content-layout-column fusion-column-has-bg-image\" data-bg-url=\"https:\/\/mainosfaros.com\/wp-content\/uploads\/2023\/12\/Mainoskokki_Dessert_2.png\" data-bg=\"https:\/\/mainosfaros.com\/wp-content\/uploads\/2023\/12\/Mainoskokki_Dessert_2.png\"><div class=\"fusion-separator fusion-full-width-sep\" style=\"align-self: center;margin-left: auto;margin-right: auto;margin-top:400px;width:100%;\"><\/div><\/div><\/div><\/div><\/div><\/div><div class=\"fusion-fullwidth fullwidth-box fusion-builder-row-2 fusion-flex-container has-pattern-background has-mask-background nonhundred-percent-fullwidth non-hundred-percent-height-scrolling\" style=\"--awb-border-radius-top-left:0px;--awb-border-radius-top-right:0px;--awb-border-radius-bottom-right:0px;--awb-border-radius-bottom-left:0px;--awb-flex-wrap:wrap;\" ><div class=\"fusion-builder-row fusion-row fusion-flex-align-items-flex-start fusion-flex-content-wrap\" style=\"max-width:104%;margin-left: calc(-4% \/ 2 );margin-right: calc(-4% \/ 2 );\"><div class=\"fusion-layout-column fusion_builder_column fusion-builder-column-2 fusion_builder_column_1_1 1_1 fusion-flex-column\" style=\"--awb-padding-bottom:20px;--awb-bg-color:var(--awb-color4);--awb-bg-color-hover:var(--awb-color4);--awb-bg-size:cover;--awb-width-large:100%;--awb-margin-top-large:0px;--awb-spacing-right-large:0%;--awb-margin-bottom-large:0px;--awb-spacing-left-large:0%;--awb-width-medium:100%;--awb-order-medium:0;--awb-spacing-right-medium:1.92%;--awb-spacing-left-medium:1.92%;--awb-width-small:100%;--awb-order-small:0;--awb-spacing-right-small:1.92%;--awb-spacing-left-small:1.92%;\"><div class=\"fusion-column-wrapper fusion-column-has-shadow fusion-flex-justify-content-flex-start fusion-content-layout-column\"><div class=\"fusion-text fusion-text-2\" style=\"--awb-text-color:var(--awb-color1);\"><p style=\"text-align: center; font-family: Lato; font-weight: bold;\" data-fusion-font=\"true\" data-fusion-google-font=\"Lato\" data-fusion-google-variant=\"700\">\n<p style=\"text-align: center; font-family: Lato; font-weight: bold;\" data-fusion-font=\"true\" data-fusion-google-font=\"Lato\" data-fusion-google-variant=\"700\">OTA YHTEYTT\u00c4:<\/p>\n<p style=\"text-align: center; font-family: Lato; font-weight: bold;\" data-fusion-font=\"true\" data-fusion-google-font=\"Lato\" data-fusion-google-variant=\"700\"><span style=\"color: var(--awb-text-color); font-size: var(--awb-font-size); font-style: var(--awb-text-font-style); letter-spacing: var(--awb-letter-spacing); text-transform: var(--awb-text-transform); background-color: var(--awb-bg-color);\">Tuija Pirttijoki<\/span><\/p>\n<p style=\"text-align: center; font-family: Lato; font-weight: bold;\" data-fusion-font=\"true\" data-fusion-google-font=\"Lato\" data-fusion-google-variant=\"700\">+ 358 40 750 6022<\/p>\n<p style=\"text-align: center; font-family: Lato; font-weight: bold;\" data-fusion-font=\"true\" data-fusion-google-font=\"Lato\" data-fusion-google-variant=\"700\">tuija.pirttijoki(at)mainosfaros.com<\/p>\n<\/div><\/div><\/div><\/div><\/div>\n","protected":false},"excerpt":{"rendered":"Tarina.MAINOSKOKKI.Mainonnan kattauksia jokaiseen makuun ja yksil\u00f6llisesti juuri sinulle.Olen mainoskokki Faroksesta. Monenlaisissa hyviss\u00e4 liemiss\u00e4 kypsynyt graafinen suunnittelija ja mainonnan ammattilainen. Ty\u00f6skentelyni ohjenuora on se, ett\u00e4 asiakas saa itsens\u00e4 n\u00e4k\u00f6ist\u00e4 j\u00e4lke\u00e4. H\u00c4N on oman alansa asiantuntija, ja minun teht\u00e4v\u00e4ni on tukea ammattitaidollani siin\u00e4, ett\u00e4 t\u00e4m\u00e4 asiantuntijuus n\u00e4kyy lopputuloksessa, niin asiakkaalle kuin kohderyhm\u00e4lle. Hullu luovuus ja kurinalaisuus br\u00e4ndin [...]","protected":false},"author":1,"featured_media":0,"parent":0,"menu_order":0,"comment_status":"closed","ping_status":"open","template":"","meta":{"footnotes":""},"class_list":["post-2","page","type-page","status-publish","hentry"],"_links":{"self":[{"href":"https:\/\/mainosfaros.com\/index.php?rest_route=\/wp\/v2\/pages\/2","targetHints":{"allow":["GET"]}}],"collection":[{"href":"https:\/\/mainosfaros.com\/index.php?rest_route=\/wp\/v2\/pages"}],"about":[{"href":"https:\/\/mainosfaros.com\/index.php?rest_route=\/wp\/v2\/types\/page"}],"author":[{"embeddable":true,"href":"https:\/\/mainosfaros.com\/index.php?rest_route=\/wp\/v2\/users\/1"}],"replies":[{"embeddable":true,"href":"https:\/\/mainosfaros.com\/index.php?rest_route=%2Fwp%2Fv2%2Fcomments&post=2"}],"version-history":[{"count":46,"href":"https:\/\/mainosfaros.com\/index.php?rest_route=\/wp\/v2\/pages\/2\/revisions"}],"predecessor-version":[{"id":1669,"href":"https:\/\/mainosfaros.com\/index.php?rest_route=\/wp\/v2\/pages\/2\/revisions\/1669"}],"wp:attachment":[{"href":"https:\/\/mainosfaros.com\/index.php?rest_route=%2Fwp%2Fv2%2Fmedia&parent=2"}],"curies":[{"name":"wp","href":"https:\/\/api.w.org\/{rel}","templated":true}]}}